{"id":7108,"date":"2024-06-04T11:38:44","date_gmt":"2024-06-04T09:38:44","guid":{"rendered":"https:\/\/fusiq.eu\/conditions-dutilisation\/"},"modified":"2025-04-09T19:06:37","modified_gmt":"2025-04-09T17:06:37","slug":"conditions-dutilisation","status":"publish","type":"page","link":"https:\/\/fusiq.eu\/fr\/conditions-dutilisation\/","title":{"rendered":"Conditions d&rsquo;utilisation"},"content":{"rendered":"<\/p>\n<div id='av_section_1'  class='avia-section av-3jgjpx-a85ab75230f07c55156f10d2fae8353c main_color avia-section-default avia-no-border-styling  avia-builder-el-0  avia-builder-el-no-sibling  avia-bg-style-scroll container_wrap fullsize'  ><div class='container av-section-cont-open' ><main  role=\"main\" itemprop=\"mainContentOfPage\"  class='template-page content  av-content-full alpha units'><div class='post-entry post-entry-type-page post-entry-7108'><div class='entry-content-wrapper clearfix'>\n<div  class='flex_column av-2rw6et-0c990792138e5ddb8f8513cb57798d27 av_one_full  avia-builder-el-1  avia-builder-el-no-sibling  first flex_column_div  '     ><p>\n<style type=\"text\/css\" data-created_by=\"avia_inline_auto\" id=\"style-css-av-m0gma463-55408b9f04bae7f7f79127e50d0f4baf\">\n#top .av-special-heading.av-m0gma463-55408b9f04bae7f7f79127e50d0f4baf{\npadding-bottom:10px;\n}\nbody .av-special-heading.av-m0gma463-55408b9f04bae7f7f79127e50d0f4baf .av-special-heading-tag .heading-char{\nfont-size:25px;\n}\n.av-special-heading.av-m0gma463-55408b9f04bae7f7f79127e50d0f4baf .av-subheading{\nfont-size:15px;\n}\n<\/style>\n<div  class='av-special-heading av-m0gma463-55408b9f04bae7f7f79127e50d0f4baf av-special-heading-h1 blockquote modern-quote  avia-builder-el-2  el_before_av_textblock  avia-builder-el-first '><h1 class='av-special-heading-tag '  itemprop=\"headline\"  >Conditions d\u2019utilisation<\/h1><div class=\"special-heading-border\"><div class=\"special-heading-inner-border\"><\/div><\/div><\/div><br \/>\n<section  class='av_textblock_section av-m0gmeg92-68170b89309ac4d6c16fb8976ae616de '   itemscope=\"itemscope\" itemtype=\"https:\/\/schema.org\/CreativeWork\" ><div class='avia_textblock'  itemprop=\"text\" ><h3><strong>Utilisation du site web<\/strong><\/h3>\n<p>Les utilisateurs d\u2019Internet peuvent acc\u00e9der gratuitement aux informations disponibles sur le site web de Fusiq (<a href=\"https:\/\/www.fusiq.eu\">https:\/\/www.fusiq.eu<\/a>).<br \/>\nLe fait d&rsquo;utiliser le site web de Fusiq implique votre acceptation des pr\u00e9sentes conditions d&rsquo;utilisation.<\/p>\n<h3><\/h3>\n<h3><strong>Droits de propri\u00e9t\u00e9 intellectuelle<\/strong><\/h3>\n<p>Les droits de propri\u00e9t\u00e9 intellectuelle relatifs aux logiciels, textes, images et\/ou sons pr\u00e9sents sur le site web de Fusiq appartiennent \u00e0 Fusiq. Toute reproduction, distribution ou publication de ces \u00e9l\u00e9ments est strictement interdite sans autorisation pr\u00e9alable.<\/p>\n<p>Toute demande d\u2019autorisation \u00e9crite doit \u00eatre adress\u00e9e \u00e0 Fusiq \u00e0 l\u2019adresse suivante\u00a0:<br \/>\n<strong>contact@fusiq.eu<\/strong><\/p>\n<h3><\/h3>\n<h3><strong>D\u00e9claration de confidentialit\u00e9<\/strong><\/h3>\n<p><strong>G\u00e9n\u00e9ralit\u00e9s<\/strong><\/p>\n<p>Nos services sont mis \u00e0 votre disposition par <strong>Fusiq B.V.<\/strong> (ci-apr\u00e8s : <strong>\u00ab\u00a0Fusiq\u00a0\u00bb<\/strong> ou <strong>\u00ab\u00a0Nous\u00a0\u00bb<\/strong>). Nous appliquons la politique de protection de la vie priv\u00e9e que vous pouvez lire ci-dessous. Tout d&rsquo;abord, voici nos coordonn\u00e9es :<\/p>\n<p><strong>Fusiq B.V.<\/strong><br \/>\nJF van Hengelstraat 86, 1019 DC Amsterdam<br \/>\nT\u00e9l. : +31 (0)85 842 77 00<br \/>\nE-mail : contact@fusiq.eu<br \/>\nNum\u00e9ro KvK : 92991785<\/p>\n<p>Lorsque Fusiq traite des <strong>donn\u00e9es personnelles<\/strong> de clients, relations d\u2019affaires ou parties int\u00e9ress\u00e9es, elle veille \u00e0 ce que ces donn\u00e9es soient trait\u00e9es avec soin, en toute confidentialit\u00e9 et en respectant des mesures de s\u00e9curit\u00e9 appropri\u00e9es. Fusiq se conforme dans tous les cas au <strong>R\u00e8glement G\u00e9n\u00e9ral sur la Protection des Donn\u00e9es (RGPD)<\/strong> lors du traitement des donn\u00e9es personnelles.<\/p>\n<p>Vous trouverez ci-dessous les <strong>t<\/strong>ypes de donn\u00e9es personnelles que nous pouvons traiter, l\u2019utilisation que nous en faisons, le cadre juridique applicable, les droits que vous pouvez exercer et les d\u00e9marches \u00e0 suivre en cas de questions.<\/p>\n<p><strong>Traitement des donn\u00e9es personnelles<\/strong><\/p>\n<p>Fusiq traite vos donn\u00e9es personnelles pour :<\/p>\n<ol>\n<li>Ex\u00e9cuter ses services \u00e0 votre \u00e9gard,<\/li>\n<li>Assurer la gestion administrative de ses clients,<\/li>\n<li>Envoyer des newsletters,<\/li>\n<li>R\u00e9aliser des statistiques internes et des actions de marketing direct.<\/li>\n<\/ol>\n<p>Si vous utilisez nos services, signez un contrat avec nous et\/ou vous abonnez \u00e0 notre newsletter, vos donn\u00e9es personnelles seront trait\u00e9es. Notre <strong>registre de donn\u00e9es<\/strong> d\u00e9crit en d\u00e9tail <strong>quelles donn\u00e9es nous traitons, dans quel but et sur quelle base l\u00e9gale<\/strong>.<\/p>\n<p>Fusiq traite vos donn\u00e9es personnelles <strong>uniquement<\/strong> dans le cadre des finalit\u00e9s mentionn\u00e9es dans cette politique de confidentialit\u00e9 et dans le registre de donn\u00e9es.<\/p>\n<p><strong>Transfert de donn\u00e9es<\/strong><\/p>\n<p>Vos donn\u00e9es personnelles <strong>ne sont pas transf\u00e9r\u00e9es en dehors de l\u2019Espace \u00c9conomique Europ\u00e9en (EEE)<\/strong>.<\/p>\n<p><strong>S\u00e9curit\u00e9<\/strong><\/p>\n<p>Fusiq prend la protection de vos donn\u00e9es personnelles <strong>tr\u00e8s au s\u00e9rieux<\/strong> et met en place des <strong>mesures adapt\u00e9es<\/strong> pour pr\u00e9venir :<\/p>\n<ol>\n<li>L\u2019utilisation abusive,<\/li>\n<li>La perte,<\/li>\n<li>L\u2019acc\u00e8s non autoris\u00e9,<\/li>\n<li>La divulgation ind\u00e9sirable,<\/li>\n<li>Toute modification illicite.<\/li>\n<\/ol>\n<p>Nous utilisons une <strong>connexion internet s\u00e9curis\u00e9e (SSL)<\/strong> pour prot\u00e9ger les \u00e9changes de donn\u00e9es. Vous pouvez le v\u00e9rifier gr\u00e2ce \u00e0 <strong>\u00ab\u00a0https\u00a0\u00bb<\/strong> dans la barre d\u2019adresse et l\u2019ic\u00f4ne du cadenas.<br \/>\nDe plus, tous nos appareils sont \u00e9quip\u00e9s de <strong>logiciels de s\u00e9curit\u00e9 mis \u00e0 jour<\/strong>. Vos donn\u00e9es personnelles sont stock\u00e9es <strong>sur des serveurs s\u00e9curis\u00e9s<\/strong>.<\/p>\n<p><strong>Partage de donn\u00e9es avec des tiers<\/strong><\/p>\n<p>Fusiq <strong>ne partage vos donn\u00e9es personnelles avec des tiers<\/strong> (notamment des acheteurs et vendeurs potentiels) <strong>que si cela est n\u00e9cessaire pour vous fournir nos services<\/strong>, ou pour se conformer \u00e0 une obligation l\u00e9gale ou judiciaire.<\/p>\n<p>Si nous transmettons vos donn\u00e9es \u00e0 un <strong>tiers sous-traitant<\/strong> (qui traite vos donn\u00e9es en notre nom), nous nous assurons, via un <strong>contrat de sous-traitance<\/strong>, que :<\/p>\n<ol>\n<li><strong>Vos donn\u00e9es ne sont pas utilis\u00e9es \u00e0 d\u2019autres fins<\/strong> que celles sp\u00e9cifi\u00e9es,<\/li>\n<li><strong>Le m\u00eame niveau de s\u00e9curit\u00e9 et de confidentialit\u00e9<\/strong> est appliqu\u00e9,<\/li>\n<li><strong>Les donn\u00e9es sont supprim\u00e9es<\/strong> apr\u00e8s expiration de la p\u00e9riode de conservation (voir ci-dessous).<\/li>\n<\/ol>\n<p>Nous <strong>restons responsables<\/strong> vis-\u00e0-vis de vous pour tout traitement de donn\u00e9es effectu\u00e9 par ces tiers.<\/p>\n<p>Fusiq dispose d\u2019un <strong>syst\u00e8me de gestion des relations num\u00e9riques<\/strong> dans lequel elle enregistre des <strong>donn\u00e9es d\u2019entreprises et de contacts<\/strong>, apr\u00e8s accord de ces derniers.<br \/>\nCertains <strong>partenaires<\/strong> (ex. cabinets d\u2019avocats, comptables, soci\u00e9t\u00e9s d\u2019investissement) ont \u00e9galement acc\u00e8s \u00e0 ce syst\u00e8me, mais il ne concerne <strong>pas les clients<\/strong>.<\/p>\n<p>Les <strong>relations inscrites<\/strong> dans notre syst\u00e8me peuvent recevoir par e-mail des <strong>propositions d\u2019investissement anonymis\u00e9es<\/strong>, contenant des informations sur des entreprises mises en vente.<br \/>\nCela a un <strong>double objectif<\/strong> :<\/p>\n<ol>\n<li><strong>Maximiser la visibilit\u00e9<\/strong> aupr\u00e8s d\u2019acheteurs potentiels,<\/li>\n<li><strong>Maintenir un lien avec nos partenaires<\/strong> via un syst\u00e8me similaire \u00e0 une newsletter.<\/li>\n<\/ol>\n<p><strong>Dur\u00e9e de conservation des donn\u00e9es<\/strong><\/p>\n<p>\u00c0 compter de la fin de <strong>notre relation contractuelle ou de nos services<\/strong>, nous conservons vos donn\u00e9es personnelles pour une dur\u00e9e maximale de <strong>7 ans<\/strong>, sauf <strong>obligations l\u00e9gales ou judiciaires contraires<\/strong>.<br \/>\nPour plus de d\u00e9tails, veuillez consulter notre <strong>registre de donn\u00e9es<\/strong>.<\/p>\n<p><strong>Droits relatifs \u00e0 vos donn\u00e9es personnelles<\/strong><\/p>\n<p>Vous pouvez <strong>demander l\u2019acc\u00e8s \u00e0 vos donn\u00e9es personnelles<\/strong> \u00e0 tout moment en envoyant un e-mail \u00e0 <strong>contact@fusiq.eu<\/strong>. Nous vous contacterons alors pour vous fournir une copie des donn\u00e9es personnelles que nous d\u00e9tenons \u00e0 votre sujet.<\/p>\n<p>Si vous souhaitez <strong>rectifier, supprimer ou transf\u00e9rer vos donn\u00e9es<\/strong>, veuillez \u00e9galement nous en informer par e-mail \u00e0 <strong>contact@fusiq.eu<\/strong> ou par courrier \u00e0 l\u2019adresse indiqu\u00e9e ci-dessus. Nous traiterons votre demande conform\u00e9ment au <strong>R\u00e8glement G\u00e9n\u00e9ral sur la Protection des Donn\u00e9es (RGPD)<\/strong>.<\/p>\n<p>Le <strong>droit \u00e0 la portabilit\u00e9 des donn\u00e9es<\/strong> signifie que vous pouvez demander que vos donn\u00e9es personnelles vous soient envoy\u00e9es sous un format structur\u00e9 et couramment utilis\u00e9, ou qu\u2019elles soient transmises \u00e0 une autre organisation de votre choix.<\/p>\n<p>En plus des droits mentionn\u00e9s ci-dessus, vous disposez du <strong>droit de limiter le traitement de vos donn\u00e9es personnelles<\/strong> et du <strong>droit de retirer votre consentement<\/strong> (sans que cela n\u2019affecte la l\u00e9gitimit\u00e9 du traitement effectu\u00e9 avant ce retrait). Vous avez \u00e9galement le <strong>droit de vous opposer au traitement de vos donn\u00e9es<\/strong>.<\/p>\n<p>Si vous souhaitez exercer l\u2019un de ces droits, vous pouvez nous contacter par e-mail \u00e0 <strong>contact@fusiq.eu<\/strong> ou par courrier. Nous nous conformerons alors \u00e0 votre demande dans le respect du <strong>RGPD<\/strong>.<\/p>\n<p>Ind\u00e9pendamment de ces droits, vous avez <strong>le droit de d\u00e9poser une r\u00e9clamation aupr\u00e8s de l\u2019Autorit\u00e9 de Protection des Donn\u00e9es<\/strong>.<\/p>\n<p><strong>Politique de confidentialit\u00e9 des autres sites web<\/strong><\/p>\n<p>Notre site web <strong>(<\/strong><a href=\"http:\/\/www.fusiq.eu\"><strong>www.fusiq.eu<\/strong><\/a><strong>)<\/strong> peut contenir des <strong>liens vers d\u2019autres sites<\/strong>. Toutefois, nous ne sommes <strong>pas responsables<\/strong> de la politique de confidentialit\u00e9 de ces sites externes et <strong>ne pouvons garantir<\/strong> la mani\u00e8re dont ils traitent vos donn\u00e9es personnelles.<\/p>\n<p>Nous vous recommandons <strong>de lire attentivement leur politique de confidentialit\u00e9<\/strong> avant d\u2019utiliser ces sites.<\/p>\n<p><strong>Utilisation des cookies<\/strong><\/p>\n<p>Notre site web <strong>(<\/strong><a href=\"http:\/\/www.fusiq.eu\"><strong>www.fusiq.eu<\/strong><\/a><strong>)<\/strong> utilise <strong>des cookies techniques et fonctionnels<\/strong>, ainsi que des <strong>cookies analytiques<\/strong> qui <strong>ne portent pas atteinte \u00e0 votre vie priv\u00e9e<\/strong>.<\/p>\n<p>Un <strong>cookie<\/strong> est un petit fichier stock\u00e9 sur votre ordinateur, tablette ou smartphone via votre navigateur. Ce fichier contient des informations permettant de faciliter votre navigation et d\u2019am\u00e9liorer l\u2019exp\u00e9rience utilisateur.<\/p>\n<p>Nous utilisons les cookies pour :<\/p>\n<ol>\n<li>Am\u00e9liorer le fonctionnement du site,<\/li>\n<li>Simplifier son utilisation,<\/li>\n<li>Analyser l\u2019acc\u00e8s aux informations et l\u2019exp\u00e9rience des visiteurs.<\/li>\n<\/ol>\n<p>Vous pouvez <strong>d\u00e9sactiver les cookies<\/strong> en configurant votre navigateur pour emp\u00eacher leur enregistrement. Vous pouvez \u00e9galement <strong>supprimer les cookies d\u00e9j\u00e0 stock\u00e9s<\/strong> via les param\u00e8tres de votre navigateur.<\/p>\n<p><strong>Google Analytics<\/strong><\/p>\n<p>Notre site web <strong>(<\/strong><a href=\"http:\/\/www.fusiq.eu\"><strong>www.fusiq.eu<\/strong><\/a><strong>)<\/strong> utilise <strong>Google Analytics<\/strong>, un service d\u2019analyse web fourni par <strong>Google Inc.<\/strong>.<\/p>\n<p>Google Analytics utilise des <strong>cookies<\/strong> (petits fichiers texte stock\u00e9s sur votre appareil) pour analyser la mani\u00e8re dont les utilisateurs naviguent sur le site.<\/p>\n<p>Les informations g\u00e9n\u00e9r\u00e9es par ces cookies, y compris <strong>votre adresse IP<\/strong>, sont transf\u00e9r\u00e9es et stock\u00e9es sur les serveurs de <strong>Google aux \u00c9tats-Unis<\/strong>.<\/p>\n<p>Google utilise ces donn\u00e9es pour :<\/p>\n<ol>\n<li>Analyser l\u2019utilisation du site,<\/li>\n<li>G\u00e9n\u00e9rer des rapports sur l\u2019activit\u00e9 du site,<\/li>\n<li>Offrir d\u2019autres services li\u00e9s \u00e0 l\u2019utilisation d\u2019Internet.<\/li>\n<\/ol>\n<p>Google peut transmettre ces informations \u00e0 des tiers en cas d\u2019obligation l\u00e9gale ou si ces tiers traitent les donn\u00e9es pour le compte de Google. Google <strong>ne combinera pas votre adresse IP avec d\u2019autres donn\u00e9es en sa possession<\/strong>.<\/p>\n<p>Vous pouvez <strong>d\u00e9sactiver les cookies<\/strong> en ajustant les param\u00e8tres de votre navigateur, mais cela pourrait limiter certaines fonctionnalit\u00e9s du site.<\/p>\n<p>En utilisant notre site web, <strong>vous consentez au traitement de vos donn\u00e9es par Google<\/strong> dans les conditions et pour les finalit\u00e9s d\u00e9crites ci-dessus.<\/p>\n<p><strong>Signalement d\u2019une faille de s\u00e9curit\u00e9<\/strong><\/p>\n<p>Si vous pensez avoir identifi\u00e9 une <strong>faille de s\u00e9curit\u00e9<\/strong> dans nos syst\u00e8mes, vous permettant d\u2019acc\u00e9der \u00e0 des informations confidentielles, <strong>y compris des donn\u00e9es personnelles<\/strong>, nous vous encourageons \u00e0 nous en informer imm\u00e9diatement.<\/p>\n<p>Nous travaillerons avec vous pour <strong>r\u00e9soudre le probl\u00e8me le plus rapidement possible<\/strong>.<\/p>\n<p><strong>Modifications de la politique de confidentialit\u00e9<\/strong><\/p>\n<p>Nous nous r\u00e9servons le droit de <strong>modifier cette politique de confidentialit\u00e9<\/strong> \u00e0 tout moment. La version la plus r\u00e9cente est toujours disponible sur notre site web.<\/p>\n<p>Nous vous recommandons de <strong>consulter r\u00e9guli\u00e8rement cette page<\/strong> pour rester inform\u00e9 des \u00e9ventuelles mises \u00e0 jour.<\/p>\n<p><strong>Des questions sur notre politique de confidentialit\u00e9 ?<\/strong><\/p>\n<p>N\u2019h\u00e9sitez pas \u00e0 nous contacter \u00e0 l\u2019adresse <strong>contact@fusiq.eu<\/strong>. Nous serons ravis de vous aider.<\/p>\n<h3><\/h3>\n<h3><strong>Clause de non-responsabilit\u00e9<\/strong><\/h3>\n<p>Malgr\u00e9 <strong>toute l\u2019attention et le soin<\/strong> apport\u00e9s \u00e0 la gestion du site <strong>Fusiq<\/strong>, nous ne <strong>garantissons pas<\/strong> l\u2019exactitude, l\u2019exhaustivit\u00e9 ou l\u2019actualit\u00e9 des informations publi\u00e9es sur notre site web.<\/p>\n<p>Fusiq <strong>ne peut \u00eatre tenu responsable<\/strong> de <strong>dommages directs ou indirects<\/strong> r\u00e9sultant de l\u2019utilisation du site, de son indisponibilit\u00e9, de la prestation ou de l\u2019absence de prestation de services.<\/p>\n<h3><\/h3>\n<h3><strong>Modifications<\/strong><\/h3>\n<p>Le contenu du site web de <strong>Fusiq<\/strong> est r\u00e9guli\u00e8rement mis \u00e0 jour.<br \/>\nFusiq se r\u00e9serve le droit de <strong>modifier le contenu du site web \u00e0 tout moment et sans pr\u00e9avis<\/strong>.<\/p>\n<p><strong>Derni\u00e8re mise \u00e0 jour : 15 novembre 2024<\/strong>.<\/p>\n<\/div><\/section><\/p><\/div>\n","protected":false},"excerpt":{"rendered":"","protected":false},"author":2,"featured_media":0,"parent":0,"menu_order":0,"comment_status":"closed","ping_status":"closed","template":"","meta":{"footnotes":""},"class_list":["post-7108","page","type-page","status-publish","hentry"],"yoast_head":"<!-- This site is optimized with the Yoast SEO plugin v26.6 - https:\/\/yoast.com\/wordpress\/plugins\/seo\/ -->\n<title>Conditions d&#039;utilisation - Fusiq<\/title>\n<meta name=\"robots\" content=\"index, follow, max-snippet:-1, max-image-preview:large, max-video-preview:-1\" \/>\n<link rel=\"canonical\" href=\"https:\/\/fusiq.eu\/fr\/conditions-dutilisation\/\" \/>\n<meta property=\"og:locale\" content=\"fr_FR\" \/>\n<meta property=\"og:type\" content=\"article\" \/>\n<meta property=\"og:title\" content=\"Conditions d&#039;utilisation - Fusiq\" \/>\n<meta property=\"og:url\" content=\"https:\/\/fusiq.eu\/fr\/conditions-dutilisation\/\" \/>\n<meta property=\"og:site_name\" content=\"Fusiq\" \/>\n<meta property=\"article:modified_time\" content=\"2025-04-09T17:06:37+00:00\" \/>\n<meta property=\"og:image\" content=\"https:\/\/fusiq.eu\/wp-content\/uploads\/2024\/11\/fusiq-opengraph.png\" \/>\n\t<meta property=\"og:image:width\" content=\"1200\" \/>\n\t<meta property=\"og:image:height\" content=\"675\" \/>\n\t<meta property=\"og:image:type\" content=\"image\/png\" \/>\n<meta name=\"twitter:card\" content=\"summary_large_image\" \/>\n<meta name=\"twitter:label1\" content=\"Dur\u00e9e de lecture estim\u00e9e\" \/>\n\t<meta name=\"twitter:data1\" content=\"8 minutes\" \/>\n<script type=\"application\/ld+json\" class=\"yoast-schema-graph\">{\"@context\":\"https:\/\/schema.org\",\"@graph\":[{\"@type\":\"WebPage\",\"@id\":\"https:\/\/fusiq.eu\/fr\/conditions-dutilisation\/\",\"url\":\"https:\/\/fusiq.eu\/fr\/conditions-dutilisation\/\",\"name\":\"Conditions d'utilisation - Fusiq\",\"isPartOf\":{\"@id\":\"https:\/\/fusiq.eu\/fr\/#website\"},\"datePublished\":\"2024-06-04T09:38:44+00:00\",\"dateModified\":\"2025-04-09T17:06:37+00:00\",\"breadcrumb\":{\"@id\":\"https:\/\/fusiq.eu\/fr\/conditions-dutilisation\/#breadcrumb\"},\"inLanguage\":\"fr-FR\",\"potentialAction\":[{\"@type\":\"ReadAction\",\"target\":[\"https:\/\/fusiq.eu\/fr\/conditions-dutilisation\/\"]}]},{\"@type\":\"BreadcrumbList\",\"@id\":\"https:\/\/fusiq.eu\/fr\/conditions-dutilisation\/#breadcrumb\",\"itemListElement\":[{\"@type\":\"ListItem\",\"position\":1,\"name\":\"Home\",\"item\":\"https:\/\/fusiq.eu\/fr\/\"},{\"@type\":\"ListItem\",\"position\":2,\"name\":\"Conditions d&#8217;utilisation\"}]},{\"@type\":\"WebSite\",\"@id\":\"https:\/\/fusiq.eu\/fr\/#website\",\"url\":\"https:\/\/fusiq.eu\/fr\/\",\"name\":\"Fusiq\",\"description\":\"\",\"publisher\":{\"@id\":\"https:\/\/fusiq.eu\/fr\/#organization\"},\"potentialAction\":[{\"@type\":\"SearchAction\",\"target\":{\"@type\":\"EntryPoint\",\"urlTemplate\":\"https:\/\/fusiq.eu\/fr\/?s={search_term_string}\"},\"query-input\":{\"@type\":\"PropertyValueSpecification\",\"valueRequired\":true,\"valueName\":\"search_term_string\"}}],\"inLanguage\":\"fr-FR\"},{\"@type\":\"Organization\",\"@id\":\"https:\/\/fusiq.eu\/fr\/#organization\",\"name\":\"Fusiq\",\"url\":\"https:\/\/fusiq.eu\/fr\/\",\"logo\":{\"@type\":\"ImageObject\",\"inLanguage\":\"fr-FR\",\"@id\":\"https:\/\/fusiq.eu\/fr\/#\/schema\/logo\/image\/\",\"url\":\"https:\/\/fusiq.eu\/wp-content\/uploads\/2024\/06\/logo-fusiq.jpg\",\"contentUrl\":\"https:\/\/fusiq.eu\/wp-content\/uploads\/2024\/06\/logo-fusiq.jpg\",\"width\":1182,\"height\":591,\"caption\":\"Fusiq\"},\"image\":{\"@id\":\"https:\/\/fusiq.eu\/fr\/#\/schema\/logo\/image\/\"}}]}<\/script>\n<!-- \/ Yoast SEO plugin. -->","yoast_head_json":{"title":"Conditions d'utilisation - Fusiq","robots":{"index":"index","follow":"follow","max-snippet":"max-snippet:-1","max-image-preview":"max-image-preview:large","max-video-preview":"max-video-preview:-1"},"canonical":"https:\/\/fusiq.eu\/fr\/conditions-dutilisation\/","og_locale":"fr_FR","og_type":"article","og_title":"Conditions d'utilisation - Fusiq","og_url":"https:\/\/fusiq.eu\/fr\/conditions-dutilisation\/","og_site_name":"Fusiq","article_modified_time":"2025-04-09T17:06:37+00:00","og_image":[{"width":1200,"height":675,"url":"https:\/\/fusiq.eu\/wp-content\/uploads\/2024\/11\/fusiq-opengraph.png","type":"image\/png"}],"twitter_card":"summary_large_image","twitter_misc":{"Dur\u00e9e de lecture estim\u00e9e":"8 minutes"},"schema":{"@context":"https:\/\/schema.org","@graph":[{"@type":"WebPage","@id":"https:\/\/fusiq.eu\/fr\/conditions-dutilisation\/","url":"https:\/\/fusiq.eu\/fr\/conditions-dutilisation\/","name":"Conditions d'utilisation - Fusiq","isPartOf":{"@id":"https:\/\/fusiq.eu\/fr\/#website"},"datePublished":"2024-06-04T09:38:44+00:00","dateModified":"2025-04-09T17:06:37+00:00","breadcrumb":{"@id":"https:\/\/fusiq.eu\/fr\/conditions-dutilisation\/#breadcrumb"},"inLanguage":"fr-FR","potentialAction":[{"@type":"ReadAction","target":["https:\/\/fusiq.eu\/fr\/conditions-dutilisation\/"]}]},{"@type":"BreadcrumbList","@id":"https:\/\/fusiq.eu\/fr\/conditions-dutilisation\/#breadcrumb","itemListElement":[{"@type":"ListItem","position":1,"name":"Home","item":"https:\/\/fusiq.eu\/fr\/"},{"@type":"ListItem","position":2,"name":"Conditions d&#8217;utilisation"}]},{"@type":"WebSite","@id":"https:\/\/fusiq.eu\/fr\/#website","url":"https:\/\/fusiq.eu\/fr\/","name":"Fusiq","description":"","publisher":{"@id":"https:\/\/fusiq.eu\/fr\/#organization"},"potentialAction":[{"@type":"SearchAction","target":{"@type":"EntryPoint","urlTemplate":"https:\/\/fusiq.eu\/fr\/?s={search_term_string}"},"query-input":{"@type":"PropertyValueSpecification","valueRequired":true,"valueName":"search_term_string"}}],"inLanguage":"fr-FR"},{"@type":"Organization","@id":"https:\/\/fusiq.eu\/fr\/#organization","name":"Fusiq","url":"https:\/\/fusiq.eu\/fr\/","logo":{"@type":"ImageObject","inLanguage":"fr-FR","@id":"https:\/\/fusiq.eu\/fr\/#\/schema\/logo\/image\/","url":"https:\/\/fusiq.eu\/wp-content\/uploads\/2024\/06\/logo-fusiq.jpg","contentUrl":"https:\/\/fusiq.eu\/wp-content\/uploads\/2024\/06\/logo-fusiq.jpg","width":1182,"height":591,"caption":"Fusiq"},"image":{"@id":"https:\/\/fusiq.eu\/fr\/#\/schema\/logo\/image\/"}}]}},"_links":{"self":[{"href":"https:\/\/fusiq.eu\/fr\/wp-json\/wp\/v2\/pages\/7108","targetHints":{"allow":["GET"]}}],"collection":[{"href":"https:\/\/fusiq.eu\/fr\/wp-json\/wp\/v2\/pages"}],"about":[{"href":"https:\/\/fusiq.eu\/fr\/wp-json\/wp\/v2\/types\/page"}],"author":[{"embeddable":true,"href":"https:\/\/fusiq.eu\/fr\/wp-json\/wp\/v2\/users\/2"}],"replies":[{"embeddable":true,"href":"https:\/\/fusiq.eu\/fr\/wp-json\/wp\/v2\/comments?post=7108"}],"version-history":[{"count":10,"href":"https:\/\/fusiq.eu\/fr\/wp-json\/wp\/v2\/pages\/7108\/revisions"}],"predecessor-version":[{"id":7151,"href":"https:\/\/fusiq.eu\/fr\/wp-json\/wp\/v2\/pages\/7108\/revisions\/7151"}],"wp:attachment":[{"href":"https:\/\/fusiq.eu\/fr\/wp-json\/wp\/v2\/media?parent=7108"}],"curies":[{"name":"wp","href":"https:\/\/api.w.org\/{rel}","templated":true}]}}